{"id":2,"date":"2019-08-28T15:37:03","date_gmt":"2019-08-28T15:37:03","guid":{"rendered":"https:\/\/controlenvases.com\/?page_id=2"},"modified":"2019-10-01T13:50:00","modified_gmt":"2019-10-01T13:50:00","slug":"sample-page","status":"publish","type":"page","link":"https:\/\/controlenvases.com\/","title":{"rendered":"TECNIMETAL Control de envases"},"content":{"rendered":"\n<ul class=\"wp-block-gallery columns-3 is-cropped wp-block-gallery-1 is-layout-flex wp-block-gallery-is-layout-flex\"><li class=\"blocks-gallery-item\"><figure><img loading=\"lazy\" decoding=\"async\" width=\"480\" height=\"339\" src=\"https:\/\/controlenvases.com\/wp-content\/uploads\/2019\/10\/control-de-bebidas.jpg\" alt=\"\" data-id=\"37\" data-link=\"https:\/\/controlenvases.com\/?attachment_id=37\" class=\"wp-image-37\" srcset=\"https:\/\/controlenvases.com\/wp-content\/uploads\/2019\/10\/control-de-bebidas.jpg 480w, https:\/\/controlenvases.com\/wp-content\/uploads\/2019\/10\/control-de-bebidas-300x212.jpg 300w\" sizes=\"auto, (max-width: 480px) 100vw, 480px\" \/><figcaption><a href=\"https:\/\/controlenvases.com\/?cat=4\">Control de envases de bebida<\/a><\/figcaption><\/figure><\/li><li class=\"blocks-gallery-item\"><figure><img loading=\"lazy\" decoding=\"async\" width=\"480\" height=\"339\" src=\"https:\/\/controlenvases.com\/wp-content\/uploads\/2019\/10\/Control-de-aerosoles-1.jpg\" alt=\"\" data-id=\"42\" data-link=\"https:\/\/controlenvases.com\/?attachment_id=42\" class=\"wp-image-42\" srcset=\"https:\/\/controlenvases.com\/wp-content\/uploads\/2019\/10\/Control-de-aerosoles-1.jpg 480w, https:\/\/controlenvases.com\/wp-content\/uploads\/2019\/10\/Control-de-aerosoles-1-300x212.jpg 300w\" sizes=\"auto, (max-width: 480px) 100vw, 480px\" \/><figcaption><a href=\"https:\/\/controlenvases.com\/?cat=5\">Control de aerosoles<\/a><\/figcaption><\/figure><\/li><li class=\"blocks-gallery-item\"><figure><img loading=\"lazy\" decoding=\"async\" width=\"480\" height=\"339\" src=\"https:\/\/controlenvases.com\/wp-content\/uploads\/2019\/10\/\u00edndice-2.jpg\" alt=\"\" data-id=\"43\" data-link=\"https:\/\/controlenvases.com\/?attachment_id=43\" class=\"wp-image-43\" srcset=\"https:\/\/controlenvases.com\/wp-content\/uploads\/2019\/10\/\u00edndice-2.jpg 480w, https:\/\/controlenvases.com\/wp-content\/uploads\/2019\/10\/\u00edndice-2-300x212.jpg 300w\" sizes=\"auto, (max-width: 480px) 100vw, 480px\" \/><figcaption><a href=\"https:\/\/controlenvases.com\/?cat=3\">Control de envases de comida<\/a><\/figcaption><\/figure><\/li><\/ul>\n\n\n\n<p>Si la calidad ha sido nuestra motivaci\u00f3n desde hace mas de 30 a\u00f1os,  cuanto mas importante en un sector como el de la alimentaci\u00f3n, donde la calidad hace que la vida de las personas sea mejor.<\/p>\n\n\n\n<h2 class=\"wp-block-heading\">Nuestros valores<\/h2>\n\n\n\n<p class=\"has-text-color has-vivid-cyan-blue-color\"> <strong>Excepcional Soporte y Servicio <\/strong><\/p>\n\n\n\n<p>Aunando esfuerzos  t\u00e9cnicos y humanos para ofrecer un incomparable servicio al cliente y soporte. Hemos ampliado nuestro personal t\u00e9cnico e instalaciones para poder dar un soporte excelente. Podemos calibrar con trazabilidad a laboratorio nacional muchos de los equipos que comercializamos. As\u00ed como la reparaci\u00f3n de los mismos en nuestros taller.  <\/p>\n\n\n\n<p class=\"has-text-color has-vivid-cyan-blue-color\"> <strong>Calidad sin Igual<\/strong><\/p>\n\n\n\n<p>Ofrecer equipos de la mas alta calidad y precisi\u00f3n que hablen por si mimos. <\/p>\n\n\n\n<p class=\"has-text-color has-vivid-cyan-blue-color\"><strong> Centrados en nuestros<\/strong><\/p>\n\n\n\n<p>Comprometidos con nuestros clientes, ofrecemos soluciones para el control de calidad adaptadas a los desaf\u00edos y necesidades \u00fanicas de la industria <\/p>\n","protected":false},"excerpt":{"rendered":"<p>Si la calidad ha sido nuestra motivaci\u00f3n desde hace mas de 30 a\u00f1os, cuanto mas importante en un sector como el de la alimentaci\u00f3n, donde la calidad hace que la vida de las personas sea mejor. Nuestros valores Excepcional Soporte y Servicio Aunando esfuerzos t\u00e9cnicos y humanos para ofrecer un incomparable servicio al cliente y &hellip; <\/p>\n<p class=\"link-more\"><a href=\"https:\/\/controlenvases.com\/\" class=\"more-link\">Continue reading<span class=\"screen-reader-text\"> &#8220;TECNIMETAL Control de envases&#8221;<\/span><\/a><\/p>\n","protected":false},"author":1,"featured_media":0,"parent":0,"menu_order":0,"comment_status":"closed","ping_status":"closed","template":"","meta":{"footnotes":""},"class_list":["post-2","page","type-page","status-publish","hentry"],"yoast_head":"<!-- This site is optimized with the Yoast SEO plugin v27.6 - https:\/\/yoast.com\/product\/yoast-seo-wordpress\/ -->\n<title>TECNIMETAL Control de envases - Control de envases<\/title>\n<meta name=\"robots\" content=\"index, follow, max-snippet:-1, max-image-preview:large, max-video-preview:-1\" \/>\n<link rel=\"canonical\" href=\"https:\/\/controlenvases.com\/\" \/>\n<meta property=\"og:locale\" content=\"en_US\" \/>\n<meta property=\"og:type\" content=\"article\" \/>\n<meta property=\"og:title\" content=\"TECNIMETAL Control de envases - Control de envases\" \/>\n<meta property=\"og:description\" content=\"Si la calidad ha sido nuestra motivaci\u00f3n desde hace mas de 30 a\u00f1os, cuanto mas importante en un sector como el de la alimentaci\u00f3n, donde la calidad hace que la vida de las personas sea mejor. Nuestros valores Excepcional Soporte y Servicio Aunando esfuerzos t\u00e9cnicos y humanos para ofrecer un incomparable servicio al cliente y &hellip; Continue reading &quot;TECNIMETAL Control de envases&quot;\" \/>\n<meta property=\"og:url\" content=\"https:\/\/controlenvases.com\/\" \/>\n<meta property=\"og:site_name\" content=\"Control de envases\" \/>\n<meta property=\"article:modified_time\" content=\"2019-10-01T13:50:00+00:00\" \/>\n<meta property=\"og:image\" content=\"https:\/\/controlenvases.com\/wp-content\/uploads\/2019\/10\/control-de-bebidas.jpg\" \/>\n<meta name=\"twitter:card\" content=\"summary_large_image\" \/>\n<meta name=\"twitter:label1\" content=\"Est. reading time\" \/>\n\t<meta name=\"twitter:data1\" content=\"1 minute\" \/>\n<script type=\"application\/ld+json\" class=\"yoast-schema-graph\">{\"@context\":\"https:\\\/\\\/schema.org\",\"@graph\":[{\"@type\":\"WebPage\",\"@id\":\"https:\\\/\\\/controlenvases.com\\\/\",\"url\":\"https:\\\/\\\/controlenvases.com\\\/\",\"name\":\"TECNIMETAL Control de envases - Control de envases\",\"isPartOf\":{\"@id\":\"https:\\\/\\\/controlenvases.com\\\/#website\"},\"primaryImageOfPage\":{\"@id\":\"https:\\\/\\\/controlenvases.com\\\/#primaryimage\"},\"image\":{\"@id\":\"https:\\\/\\\/controlenvases.com\\\/#primaryimage\"},\"thumbnailUrl\":\"https:\\\/\\\/controlenvases.com\\\/wp-content\\\/uploads\\\/2019\\\/10\\\/control-de-bebidas.jpg\",\"datePublished\":\"2019-08-28T15:37:03+00:00\",\"dateModified\":\"2019-10-01T13:50:00+00:00\",\"breadcrumb\":{\"@id\":\"https:\\\/\\\/controlenvases.com\\\/#breadcrumb\"},\"inLanguage\":\"en-US\",\"potentialAction\":[{\"@type\":\"ReadAction\",\"target\":[\"https:\\\/\\\/controlenvases.com\\\/\"]}]},{\"@type\":\"ImageObject\",\"inLanguage\":\"en-US\",\"@id\":\"https:\\\/\\\/controlenvases.com\\\/#primaryimage\",\"url\":\"https:\\\/\\\/controlenvases.com\\\/wp-content\\\/uploads\\\/2019\\\/10\\\/control-de-bebidas.jpg\",\"contentUrl\":\"https:\\\/\\\/controlenvases.com\\\/wp-content\\\/uploads\\\/2019\\\/10\\\/control-de-bebidas.jpg\",\"width\":480,\"height\":339,\"caption\":\"Control de envases de bebida latas.\"},{\"@type\":\"BreadcrumbList\",\"@id\":\"https:\\\/\\\/controlenvases.com\\\/#breadcrumb\",\"itemListElement\":[{\"@type\":\"ListItem\",\"position\":1,\"name\":\"Home\",\"item\":\"https:\\\/\\\/controlenvases.com\\\/\"},{\"@type\":\"ListItem\",\"position\":2,\"name\":\"TECNIMETAL Control de envases\"}]},{\"@type\":\"WebSite\",\"@id\":\"https:\\\/\\\/controlenvases.com\\\/#website\",\"url\":\"https:\\\/\\\/controlenvases.com\\\/\",\"name\":\"Control de envases\",\"description\":\"Sistemas de control de calidad de envases y l\u00edneas de llenado\",\"publisher\":{\"@id\":\"https:\\\/\\\/controlenvases.com\\\/#organization\"},\"potentialAction\":[{\"@type\":\"SearchAction\",\"target\":{\"@type\":\"EntryPoint\",\"urlTemplate\":\"https:\\\/\\\/controlenvases.com\\\/?s={search_term_string}\"},\"query-input\":{\"@type\":\"PropertyValueSpecification\",\"valueRequired\":true,\"valueName\":\"search_term_string\"}}],\"inLanguage\":\"en-US\"},{\"@type\":\"Organization\",\"@id\":\"https:\\\/\\\/controlenvases.com\\\/#organization\",\"name\":\"Control de envases\",\"url\":\"https:\\\/\\\/controlenvases.com\\\/\",\"logo\":{\"@type\":\"ImageObject\",\"inLanguage\":\"en-US\",\"@id\":\"https:\\\/\\\/controlenvases.com\\\/#\\\/schema\\\/logo\\\/image\\\/\",\"url\":\"https:\\\/\\\/controlenvases.com\\\/wp-content\\\/uploads\\\/2019\\\/08\\\/cropped-cropped-Tecnimetalazul-diapositiva-300x121.bmp\",\"contentUrl\":\"https:\\\/\\\/controlenvases.com\\\/wp-content\\\/uploads\\\/2019\\\/08\\\/cropped-cropped-Tecnimetalazul-diapositiva-300x121.bmp\",\"width\":619,\"height\":250,\"caption\":\"Control de envases\"},\"image\":{\"@id\":\"https:\\\/\\\/controlenvases.com\\\/#\\\/schema\\\/logo\\\/image\\\/\"}}]}<\/script>\n<!-- \/ Yoast SEO plugin. -->","yoast_head_json":{"title":"TECNIMETAL Control de envases - Control de envases","robots":{"index":"index","follow":"follow","max-snippet":"max-snippet:-1","max-image-preview":"max-image-preview:large","max-video-preview":"max-video-preview:-1"},"canonical":"https:\/\/controlenvases.com\/","og_locale":"en_US","og_type":"article","og_title":"TECNIMETAL Control de envases - Control de envases","og_description":"Si la calidad ha sido nuestra motivaci\u00f3n desde hace mas de 30 a\u00f1os, cuanto mas importante en un sector como el de la alimentaci\u00f3n, donde la calidad hace que la vida de las personas sea mejor. Nuestros valores Excepcional Soporte y Servicio Aunando esfuerzos t\u00e9cnicos y humanos para ofrecer un incomparable servicio al cliente y &hellip; Continue reading \"TECNIMETAL Control de envases\"","og_url":"https:\/\/controlenvases.com\/","og_site_name":"Control de envases","article_modified_time":"2019-10-01T13:50:00+00:00","og_image":[{"url":"https:\/\/controlenvases.com\/wp-content\/uploads\/2019\/10\/control-de-bebidas.jpg","type":"","width":"","height":""}],"twitter_card":"summary_large_image","twitter_misc":{"Est. reading time":"1 minute"},"schema":{"@context":"https:\/\/schema.org","@graph":[{"@type":"WebPage","@id":"https:\/\/controlenvases.com\/","url":"https:\/\/controlenvases.com\/","name":"TECNIMETAL Control de envases - Control de envases","isPartOf":{"@id":"https:\/\/controlenvases.com\/#website"},"primaryImageOfPage":{"@id":"https:\/\/controlenvases.com\/#primaryimage"},"image":{"@id":"https:\/\/controlenvases.com\/#primaryimage"},"thumbnailUrl":"https:\/\/controlenvases.com\/wp-content\/uploads\/2019\/10\/control-de-bebidas.jpg","datePublished":"2019-08-28T15:37:03+00:00","dateModified":"2019-10-01T13:50:00+00:00","breadcrumb":{"@id":"https:\/\/controlenvases.com\/#breadcrumb"},"inLanguage":"en-US","potentialAction":[{"@type":"ReadAction","target":["https:\/\/controlenvases.com\/"]}]},{"@type":"ImageObject","inLanguage":"en-US","@id":"https:\/\/controlenvases.com\/#primaryimage","url":"https:\/\/controlenvases.com\/wp-content\/uploads\/2019\/10\/control-de-bebidas.jpg","contentUrl":"https:\/\/controlenvases.com\/wp-content\/uploads\/2019\/10\/control-de-bebidas.jpg","width":480,"height":339,"caption":"Control de envases de bebida latas."},{"@type":"BreadcrumbList","@id":"https:\/\/controlenvases.com\/#breadcrumb","itemListElement":[{"@type":"ListItem","position":1,"name":"Home","item":"https:\/\/controlenvases.com\/"},{"@type":"ListItem","position":2,"name":"TECNIMETAL Control de envases"}]},{"@type":"WebSite","@id":"https:\/\/controlenvases.com\/#website","url":"https:\/\/controlenvases.com\/","name":"Control de envases","description":"Sistemas de control de calidad de envases y l\u00edneas de llenado","publisher":{"@id":"https:\/\/controlenvases.com\/#organization"},"potentialAction":[{"@type":"SearchAction","target":{"@type":"EntryPoint","urlTemplate":"https:\/\/controlenvases.com\/?s={search_term_string}"},"query-input":{"@type":"PropertyValueSpecification","valueRequired":true,"valueName":"search_term_string"}}],"inLanguage":"en-US"},{"@type":"Organization","@id":"https:\/\/controlenvases.com\/#organization","name":"Control de envases","url":"https:\/\/controlenvases.com\/","logo":{"@type":"ImageObject","inLanguage":"en-US","@id":"https:\/\/controlenvases.com\/#\/schema\/logo\/image\/","url":"https:\/\/controlenvases.com\/wp-content\/uploads\/2019\/08\/cropped-cropped-Tecnimetalazul-diapositiva-300x121.bmp","contentUrl":"https:\/\/controlenvases.com\/wp-content\/uploads\/2019\/08\/cropped-cropped-Tecnimetalazul-diapositiva-300x121.bmp","width":619,"height":250,"caption":"Control de envases"},"image":{"@id":"https:\/\/controlenvases.com\/#\/schema\/logo\/image\/"}}]}},"_links":{"self":[{"href":"https:\/\/controlenvases.com\/index.php?rest_route=\/wp\/v2\/pages\/2","targetHints":{"allow":["GET"]}}],"collection":[{"href":"https:\/\/controlenvases.com\/index.php?rest_route=\/wp\/v2\/pages"}],"about":[{"href":"https:\/\/controlenvases.com\/index.php?rest_route=\/wp\/v2\/types\/page"}],"author":[{"embeddable":true,"href":"https:\/\/controlenvases.com\/index.php?rest_route=\/wp\/v2\/users\/1"}],"replies":[{"embeddable":true,"href":"https:\/\/controlenvases.com\/index.php?rest_route=%2Fwp%2Fv2%2Fcomments&post=2"}],"version-history":[{"count":12,"href":"https:\/\/controlenvases.com\/index.php?rest_route=\/wp\/v2\/pages\/2\/revisions"}],"predecessor-version":[{"id":58,"href":"https:\/\/controlenvases.com\/index.php?rest_route=\/wp\/v2\/pages\/2\/revisions\/58"}],"wp:attachment":[{"href":"https:\/\/controlenvases.com\/index.php?rest_route=%2Fwp%2Fv2%2Fmedia&parent=2"}],"curies":[{"name":"wp","href":"https:\/\/api.w.org\/{rel}","templated":true}]}}